{"id":35808,"date":"2016-08-12T10:24:08","date_gmt":"2016-08-12T08:24:08","guid":{"rendered":"https:\/\/viktoria.es\/contacto\/"},"modified":"2025-05-11T11:46:26","modified_gmt":"2025-05-11T10:46:26","slug":"contacto","status":"publish","type":"page","link":"https:\/\/viktoria.es\/en\/contacto\/","title":{"rendered":"Contacto"},"content":{"rendered":"\n<div class=\"row row-collapse row-full-width\"  id=\"row-1648475463\">\n\n\n\t<div id=\"col-1934789810\" class=\"col small-12 large-12\"  >\n\t\t\t\t<div class=\"col-inner\"  >\n\t\t\t\n\t\t\t\n\n\n\t<section class=\"section\" id=\"section_314592778\">\n\t\t<div class=\"section-bg fill\" >\n\t\t\t<img loading=\"lazy\" decoding=\"async\" width=\"2000\" height=\"1133\" src=\"https:\/\/viktoria.es\/wp-content\/uploads\/2148523332.jpg\" class=\"bg attachment-2048x2048 size-2048x2048\" alt=\"\" title=\"\">\t\t\t\t\t\t\n\t\t\t\n\n\t\t<\/div>\n\n\t\t\n\n\t\t<div class=\"section-content relative\">\n\t\t\t\n\n<div class=\"row row-collapse align-center\" style=\"max-width:\" id=\"row-1105939934\">\n\n\n\t<div id=\"col-11326887\" class=\"col small-12 large-12\"  >\n\t\t\t\t<div class=\"col-inner text-center dark\"  >\n\t\t\t\n\t\t\t\n\n<h1><strong><span style=\"font-size: 250%;\">Contacto<\/span><\/strong><\/h1>\n<p class=\"lead\"><span style=\"font-size: 120%;\">Selecciona tu forma de contacto preferida<\/span><\/p>\n\n\t\t<\/div>\n\t\t\t\t\n<style>\n#col-11326887 > .col-inner {\n  padding: 100px 20px 100px 0px;\n}\n@media (min-width:550px) {\n  #col-11326887 > .col-inner {\n    padding: 100px 0px 150px 0px;\n  }\n}\n<\/style>\n\t<\/div>\n\n\t\n\n<\/div>\n\n\t\t<\/div>\n\n\t\t\n<style>\n#section_314592778 {\n  padding-top: 0px;\n  padding-bottom: 0px;\n  min-height: 0px;\n}\n#section_314592778 .section-bg-overlay {\n  background-color: rgba(0, 0, 0, 0.12);\n}\n@media (min-width:550px) {\n  #section_314592778 {\n    padding-top: 0px;\n    padding-bottom: 0px;\n  }\n  #section_314592778 .section-bg-overlay {\n    background-color: rgba(0, 0, 0, 0.21);\n  }\n}\n@media (min-width:850px) {\n  #section_314592778 {\n    padding-top: 0px;\n    padding-bottom: 0px;\n  }\n}\n<\/style>\n\t<\/section>\n\t\n\n\t\t<\/div>\n\t\t\t\t\n<style>\n#col-1934789810 > .col-inner {\n  padding: 0px 0px 0px 0px;\n}\n<\/style>\n\t<\/div>\n\n\t\n\n<\/div>\n\t<div id=\"gap-1385492203\" class=\"gap-element clearfix\" style=\"display:block; height:auto;\">\n\t\t\n<style>\n#gap-1385492203 {\n  padding-top: 60px;\n}\n<\/style>\n\t<\/div>\n\t\n\n<div class=\"row\"  id=\"row-205999659\">\n\n\n\t<div id=\"col-1360935576\" class=\"col medium-4 small-12 large-4\"  >\n\t\t\t\t<div class=\"col-inner text-center box-shadow-2\"  >\n\t\t\t\n\t\t\t\n\n\n\t\t<div class=\"icon-box featured-box icon-box-top text-left\"  >\n\t\t\t\t\t<div class=\"icon-box-img\" style=\"width: 60px\">\n\t\t\t\t<div class=\"icon\">\n\t\t\t\t\t<div class=\"icon-inner\" >\n\t\t\t\t\t\t<img loading=\"lazy\" decoding=\"async\" width=\"400\" height=\"400\" src=\"https:\/\/viktoria.es\/wp-content\/uploads\/telefono-inteligente-1-400x400.png\" class=\"attachment-medium size-medium\" alt=\"\" srcset=\"https:\/\/viktoria.es\/wp-content\/uploads\/telefono-inteligente-1-400x400.png 400w, https:\/\/viktoria.es\/wp-content\/uploads\/telefono-inteligente-1-100x100.png 100w, https:\/\/viktoria.es\/wp-content\/uploads\/telefono-inteligente-1-280x280.png 280w, https:\/\/viktoria.es\/wp-content\/uploads\/telefono-inteligente-1-50x50.png 50w, https:\/\/viktoria.es\/wp-content\/uploads\/telefono-inteligente-1.png 512w\" sizes=\"auto, (max-width: 400px) 100vw, 400px\" title=\"\">\t\t\t\t\t<\/div>\n\t\t\t\t<\/div>\n\t\t\t<\/div>\n\t\t\t\t<div class=\"icon-box-text last-reset\">\n\t\t\t\t\t\t\t\t\t\n\n\t<div id=\"text-4144239681\" class=\"text\">\n\t\t\n\n<h3><strong>Ll\u00e1manos<\/strong><\/h3>\n<p>646 26 74 43<\/p>\n\n\t\t\n<style>\n#text-4144239681 {\n  text-align: center;\n}\n<\/style>\n\t<\/div>\n\t\n\n\t\t<\/div>\n\t<\/div>\n\t\n\t\n\n\t\t<\/div>\n\t\t\t\t\n<style>\n#col-1360935576 > .col-inner {\n  padding: 20px 20px 20px 20px;\n  border-radius: 10px;\n}\n<\/style>\n\t<\/div>\n\n\t\n\n\t<div id=\"col-1516437629\" class=\"col medium-4 small-12 large-4\"  >\n\t\t\t\t<div class=\"col-inner text-center box-shadow-2\"  >\n\t\t\t\n\t\t\t\n\n\n\t\t<div class=\"icon-box featured-box icon-box-top text-left\"  >\n\t\t\t\t\t<div class=\"icon-box-img\" style=\"width: 60px\">\n\t\t\t\t<div class=\"icon\">\n\t\t\t\t\t<div class=\"icon-inner\" >\n\t\t\t\t\t\t<img loading=\"lazy\" decoding=\"async\" width=\"400\" height=\"400\" src=\"https:\/\/viktoria.es\/wp-content\/uploads\/email-400x400.png\" class=\"attachment-medium size-medium\" alt=\"\" srcset=\"https:\/\/viktoria.es\/wp-content\/uploads\/email-400x400.png 400w, https:\/\/viktoria.es\/wp-content\/uploads\/email-100x100.png 100w, https:\/\/viktoria.es\/wp-content\/uploads\/email-280x280.png 280w, https:\/\/viktoria.es\/wp-content\/uploads\/email-50x50.png 50w, https:\/\/viktoria.es\/wp-content\/uploads\/email.png 512w\" sizes=\"auto, (max-width: 400px) 100vw, 400px\" title=\"\">\t\t\t\t\t<\/div>\n\t\t\t\t<\/div>\n\t\t\t<\/div>\n\t\t\t\t<div class=\"icon-box-text last-reset\">\n\t\t\t\t\t\t\t\t\t\n\n\t<div id=\"text-977494303\" class=\"text\">\n\t\t\n\n<h3><strong>Escr\u00edbenos<\/strong><\/h3>\n<p>info@viktoria.es<\/p>\n\t\t\n<style>\n#text-977494303 {\n  text-align: center;\n}\n<\/style>\n\t<\/div>\n\t\n\n\t\t<\/div>\n\t<\/div>\n\t\n\t\n\n\t\t<\/div>\n\t\t\t\t\n<style>\n#col-1516437629 > .col-inner {\n  padding: 20px 20px 20px 20px;\n  border-radius: 10px;\n}\n<\/style>\n\t<\/div>\n\n\t\n\n\t<div id=\"col-965410407\" class=\"col medium-4 small-12 large-4\"  >\n\t\t\t\t<div class=\"col-inner text-center box-shadow-2\"  >\n\t\t\t\n\t\t\t\n\n\n\t\t<div class=\"icon-box featured-box icon-box-top text-left\"  >\n\t\t\t\t\t<div class=\"icon-box-img\" style=\"width: 60px\">\n\t\t\t\t<div class=\"icon\">\n\t\t\t\t\t<div class=\"icon-inner\" >\n\t\t\t\t\t\t<img loading=\"lazy\" decoding=\"async\" width=\"400\" height=\"400\" src=\"https:\/\/viktoria.es\/wp-content\/uploads\/mapa-de-ubicacion-400x400.png\" class=\"attachment-medium size-medium\" alt=\"\" srcset=\"https:\/\/viktoria.es\/wp-content\/uploads\/mapa-de-ubicacion-400x400.png 400w, https:\/\/viktoria.es\/wp-content\/uploads\/mapa-de-ubicacion-100x100.png 100w, https:\/\/viktoria.es\/wp-content\/uploads\/mapa-de-ubicacion-280x280.png 280w, https:\/\/viktoria.es\/wp-content\/uploads\/mapa-de-ubicacion-50x50.png 50w, https:\/\/viktoria.es\/wp-content\/uploads\/mapa-de-ubicacion.png 512w\" sizes=\"auto, (max-width: 400px) 100vw, 400px\" title=\"\">\t\t\t\t\t<\/div>\n\t\t\t\t<\/div>\n\t\t\t<\/div>\n\t\t\t\t<div class=\"icon-box-text last-reset\">\n\t\t\t\t\t\t\t\t\t\n\n\t<div id=\"text-1694165828\" class=\"text\">\n\t\t\n\n<h3><strong>Oficina principal<\/strong><\/h3>\n<p>Avda. de las Adelfas 7, Marbella<\/p>\n\n\t\t\n<style>\n#text-1694165828 {\n  text-align: center;\n}\n<\/style>\n\t<\/div>\n\t\n\n\t\t<\/div>\n\t<\/div>\n\t\n\t\n\n\t\t<\/div>\n\t\t\t\t\n<style>\n#col-965410407 > .col-inner {\n  padding: 20px 20px 20px 20px;\n  border-radius: 10px;\n}\n<\/style>\n\t<\/div>\n\n\t\n\n<\/div>\n\t<div id=\"gap-1161052811\" class=\"gap-element clearfix\" style=\"display:block; height:auto;\">\n\t\t\n<style>\n#gap-1161052811 {\n  padding-top: 50px;\n}\n<\/style>\n\t<\/div>\n\t\n\n<div class=\"row align-middle align-center\" style=\"max-width:1400px\" id=\"row-212445931\">\n\n\n\t<div id=\"col-231229565\" class=\"col small-12 large-12\"  >\n\t\t\t\t<div class=\"col-inner\"  >\n\t\t\t\n\t\t\t\n\n\t<div id=\"text-562273654\" class=\"text\">\n\t\t\n\n<p><strong>Env\u00edanos lo que necesitas<\/strong><\/p>\n\t\t\n<style>\n#text-562273654 {\n  font-size: 1.4rem;\n  text-align: center;\n  color: rgb(255,255,255);\n}\n#text-562273654 > * {\n  color: rgb(255,255,255);\n}\n@media (min-width:550px) {\n  #text-562273654 {\n    font-size: 2.15rem;\n  }\n}\n<\/style>\n\t<\/div>\n\t\n\n\t\t<\/div>\n\t\t\t\t\n<style>\n#col-231229565 > .col-inner {\n  padding: 5px 0px 0px 0px;\n}\n<\/style>\n\t<\/div>\n\n\t\n\n\n<style>\n#row-212445931 > .col > .col-inner {\n  background-color: #f48574;\n}\n<\/style>\n<\/div>\n<div class=\"row row-large\" style=\"max-width:1400px\" id=\"row-1633215900\">\n\n\n\t<div id=\"col-157877820\" class=\"col small-12 large-12\"  >\n\t\t\t\t<div class=\"col-inner\" style=\"background-color:rgb(255, 255, 255);\" >\n\t\t\t\n\t\t\t\n\n\t<div id=\"gap-2073912041\" class=\"gap-element clearfix\" style=\"display:block; height:auto;\">\n\t\t\n<style>\n#gap-2073912041 {\n  padding-top: 30px;\n}\n<\/style>\n\t<\/div>\n\t\n\n<div class=\"row row-collapse row-full-width\"  id=\"row-512110102\">\n\n\n\t<div id=\"col-2136171889\" class=\"col medium-12 small-12 large-6\"  >\n\t\t\t\t<div class=\"col-inner\"  >\n\t\t\t\n\t\t\t\n\n\t<div id=\"text-1530337336\" class=\"text\">\n\t\t\n\n<h2><span style=\"font-size: 120%;\">\u00a1Te llamaremos muy pronto!<br><\/span><\/h2>\n\t\t\n<style>\n#text-1530337336 {\n  font-size: 0.95rem;\n}\n<\/style>\n\t<\/div>\n\t\n\t<div id=\"gap-972574370\" class=\"gap-element clearfix\" style=\"display:block; height:auto;\">\n\t\t\n<style>\n#gap-972574370 {\n  padding-top: 20px;\n}\n@media (min-width:550px) {\n  #gap-972574370 {\n    padding-top: 20px;\n  }\n}\n@media (min-width:850px) {\n  #gap-972574370 {\n    padding-top: 30px;\n  }\n}\n<\/style>\n\t<\/div>\n\t\n\n\n<div class=\"wpcf7 no-js\" id=\"wpcf7-f9464-o1\" lang=\"es-ES\" dir=\"ltr\" data-wpcf7-id=\"9464\">\n<div class=\"screen-reader-response\"><p role=\"status\" aria-live=\"polite\" aria-atomic=\"true\"><\/p> <ul><\/ul><\/div>\n<form action=\"\/en\/wp-json\/wp\/v2\/pages\/35808#wpcf7-f9464-o1\" method=\"post\" class=\"wpcf7-form init\" aria-label=\"Formulario de contacto\" novalidate=\"novalidate\" data-status=\"init\">\n<fieldset class=\"hidden-fields-container\"><input type=\"hidden\" name=\"_wpcf7\" value=\"9464\" \/><input type=\"hidden\" name=\"_wpcf7_version\" value=\"6.1.5\" \/><input type=\"hidden\" name=\"_wpcf7_locale\" value=\"es_ES\" \/><input type=\"hidden\" name=\"_wpcf7_unit_tag\" value=\"wpcf7-f9464-o1\" \/><input type=\"hidden\" name=\"_wpcf7_container_post\" value=\"0\" \/><input type=\"hidden\" name=\"_wpcf7_posted_data_hash\" value=\"\" \/>\n<\/fieldset>\n<p><label> Nombre (requerido)<br \/>\n<span class=\"wpcf7-form-control-wrap\" data-name=\"your-name\"><input size=\"40\" maxlength=\"400\" class=\"wpcf7-form-control wpcf7-text wpcf7-validates-as-required\" aria-required=\"true\" aria-invalid=\"false\" value=\"\" type=\"text\" name=\"your-name\" \/><\/span> <\/label>\n<\/p>\n<p><label> Correo electr\u00f3nico (requerido)<br \/>\n<span class=\"wpcf7-form-control-wrap\" data-name=\"your-email\"><input size=\"40\" maxlength=\"400\" class=\"wpcf7-form-control wpcf7-email wpcf7-validates-as-required wpcf7-text wpcf7-validates-as-email\" aria-required=\"true\" aria-invalid=\"false\" value=\"\" type=\"email\" name=\"your-email\" \/><\/span> <\/label>\n<\/p>\n<p><label> Tel\u00e9fono<br \/>\n<span class=\"wpcf7-form-control-wrap\" data-name=\"Telfono\"><input size=\"40\" maxlength=\"400\" class=\"wpcf7-form-control wpcf7-tel wpcf7-validates-as-required wpcf7-text wpcf7-validates-as-tel\" aria-required=\"true\" aria-invalid=\"false\" placeholder=\"600 00 00 00\" value=\"\" type=\"tel\" name=\"Telfono\" \/><\/span> <\/label>\n<\/p>\n<p><label> Asunto<br \/>\n<span class=\"wpcf7-form-control-wrap\" data-name=\"your-subject\"><input size=\"40\" maxlength=\"400\" class=\"wpcf7-form-control wpcf7-text\" aria-invalid=\"false\" value=\"\" type=\"text\" name=\"your-subject\" \/><\/span> <\/label>\n<\/p>\n<p><label> Mensaje<br \/>\n<span class=\"wpcf7-form-control-wrap\" data-name=\"your-message\"><textarea cols=\"40\" rows=\"10\" maxlength=\"2000\" class=\"wpcf7-form-control wpcf7-textarea\" aria-invalid=\"false\" name=\"your-message\"><\/textarea><\/span> <\/label>\n<\/p>\n<p><input class=\"wpcf7-form-control wpcf7-submit has-spinner\" type=\"submit\" value=\"Enviar\" \/>\n<\/p><div class=\"wpcf7-response-output\" aria-hidden=\"true\"><\/div>\n<\/form>\n<\/div>\n\n\n\n\t\t<\/div>\n\t\t\t\t\t<\/div>\n\n\t\n\n\t<div id=\"col-844691269\" class=\"col medium-12 small-12 large-6\"  >\n\t\t\t\t<div class=\"col-inner\"  >\n\t\t\t\n\t\t\t\n\n\t<div id=\"text-4123470703\" class=\"text\">\n\t\t\n\n<h2><span style=\"font-size: 120%;\">Por Qu\u00e9 Elegirnos<br><\/span><\/h2>\n<p>En Viktoria, nos apasiona el p\u00e1del y sabemos que el equipamiento adecuado marca la diferencia en la pista. Nuestra ropa deportiva est\u00e1 dise\u00f1ada para ofrecerte el m\u00e1ximo confort y rendimiento, combinando materiales de alta calidad con un estilo \u00fanico y moderno.<\/p>\n\t\t\n<style>\n#text-4123470703 {\n  font-size: 0.95rem;\n}\n<\/style>\n\t<\/div>\n\t\n\t<div id=\"gap-871399070\" class=\"gap-element clearfix\" style=\"display:block; height:auto;\">\n\t\t\n<style>\n#gap-871399070 {\n  padding-top: 20px;\n}\n@media (min-width:550px) {\n  #gap-871399070 {\n    padding-top: 20px;\n  }\n}\n@media (min-width:850px) {\n  #gap-871399070 {\n    padding-top: 30px;\n  }\n}\n<\/style>\n\t<\/div>\n\t\n\n<div class=\"row\"  id=\"row-1522587308\">\n\n\n\t<div id=\"col-883715163\" class=\"col medium-6 small-12 large-6\"  >\n\t\t\t\t<div class=\"col-inner\"  >\n\t\t\t\n\t\t\t\n\n\t<div class=\"img has-hover x md-x lg-x y md-y lg-y\" id=\"image_1502732695\">\n\t\t\t\t\t\t\t\t<div class=\"img-inner dark\" >\n\t\t\t<img loading=\"lazy\" decoding=\"async\" width=\"512\" height=\"512\" src=\"https:\/\/viktoria.es\/wp-content\/uploads\/calidad-del-aire.png\" class=\"attachment-large size-large\" alt=\"\" srcset=\"https:\/\/viktoria.es\/wp-content\/uploads\/calidad-del-aire.png 512w, https:\/\/viktoria.es\/wp-content\/uploads\/calidad-del-aire-100x100.png 100w, https:\/\/viktoria.es\/wp-content\/uploads\/calidad-del-aire-400x400.png 400w, https:\/\/viktoria.es\/wp-content\/uploads\/calidad-del-aire-280x280.png 280w, https:\/\/viktoria.es\/wp-content\/uploads\/calidad-del-aire-50x50.png 50w\" sizes=\"auto, (max-width: 512px) 100vw, 512px\" title=\"\">\t\t\t\t\t\t\n\t\t\t\t\t<\/div>\n\t\t\t\t\t\t\t\t\n<style>\n#image_1502732695 {\n  width: 15%;\n}\n@media (min-width:550px) {\n  #image_1502732695 {\n    width: 20%;\n  }\n}\n<\/style>\n\t<\/div>\n\t\n\n<h3 class=\"uppercase\">Calidad Superior<\/h3>\n<p>Utilizamos tejidos t\u00e9cnicos que garantizan durabilidad, transpirabilidad y libertad de movimiento.<\/p>\n\n\t\t<\/div>\n\t\t\t\t\t<\/div>\n\n\t\n\n\t<div id=\"col-2105956369\" class=\"col medium-5 small-12 large-6\"  >\n\t\t\t\t<div class=\"col-inner\"  >\n\t\t\t\n\t\t\t\n\n\t<div class=\"img has-hover x md-x lg-x y md-y lg-y\" id=\"image_1914380323\">\n\t\t\t\t\t\t\t\t<div class=\"img-inner dark\" >\n\t\t\t<img loading=\"lazy\" decoding=\"async\" width=\"280\" height=\"280\" src=\"https:\/\/viktoria.es\/wp-content\/uploads\/disenador-grafico-280x280.png\" class=\"attachment-thumbnail size-thumbnail\" alt=\"\" srcset=\"https:\/\/viktoria.es\/wp-content\/uploads\/disenador-grafico-280x280.png 280w, https:\/\/viktoria.es\/wp-content\/uploads\/disenador-grafico-100x100.png 100w, https:\/\/viktoria.es\/wp-content\/uploads\/disenador-grafico-400x400.png 400w, https:\/\/viktoria.es\/wp-content\/uploads\/disenador-grafico-50x50.png 50w, https:\/\/viktoria.es\/wp-content\/uploads\/disenador-grafico.png 512w\" sizes=\"auto, (max-width: 280px) 100vw, 280px\" title=\"\">\t\t\t\t\t\t\n\t\t\t\t\t<\/div>\n\t\t\t\t\t\t\t\t\n<style>\n#image_1914380323 {\n  width: 15%;\n}\n@media (min-width:550px) {\n  #image_1914380323 {\n    width: 20%;\n  }\n}\n<\/style>\n\t<\/div>\n\t\n\n<h3 class=\"uppercase\">Dise\u00f1o Exclusivo<\/h3>\n<p>Cada prenda refleja el esp\u00edritu competitivo y elegante del p\u00e1del.<\/p>\n\n\t\t<\/div>\n\t\t\t\t\t<\/div>\n\n\t\n\n<\/div>\n<div class=\"row\"  id=\"row-987278028\">\n\n\n\t<div id=\"col-1252791665\" class=\"col medium-6 small-12 large-6\"  >\n\t\t\t\t<div class=\"col-inner\"  >\n\t\t\t\n\t\t\t\n\n\t<div class=\"img has-hover x md-x lg-x y md-y lg-y\" id=\"image_701013892\">\n\t\t\t\t\t\t\t\t<div class=\"img-inner dark\" >\n\t\t\t<img loading=\"lazy\" decoding=\"async\" width=\"280\" height=\"280\" src=\"https:\/\/viktoria.es\/wp-content\/uploads\/apreton-de-manos-280x280.png\" class=\"attachment-thumbnail size-thumbnail\" alt=\"\" srcset=\"https:\/\/viktoria.es\/wp-content\/uploads\/apreton-de-manos-280x280.png 280w, https:\/\/viktoria.es\/wp-content\/uploads\/apreton-de-manos-100x100.png 100w, https:\/\/viktoria.es\/wp-content\/uploads\/apreton-de-manos-400x400.png 400w, https:\/\/viktoria.es\/wp-content\/uploads\/apreton-de-manos-50x50.png 50w, https:\/\/viktoria.es\/wp-content\/uploads\/apreton-de-manos.png 512w\" sizes=\"auto, (max-width: 280px) 100vw, 280px\" title=\"\">\t\t\t\t\t\t\n\t\t\t\t\t<\/div>\n\t\t\t\t\t\t\t\t\n<style>\n#image_701013892 {\n  width: 15%;\n}\n@media (min-width:550px) {\n  #image_701013892 {\n    width: 20%;\n  }\n}\n<\/style>\n\t<\/div>\n\t\n\n<h3 class=\"uppercase\">Compromiso<\/h3>\n<p>Apoyamos el crecimiento del p\u00e1del y compartimos tu pasi\u00f3n por cada set y cada partido.<\/p>\n\n\t\t<\/div>\n\t\t\t\t\t<\/div>\n\n\t\n\n\t<div id=\"col-1721435204\" class=\"col medium-6 small-12 large-6\"  >\n\t\t\t\t<div class=\"col-inner\"  >\n\t\t\t\n\t\t\t\n\n\t<div class=\"img has-hover x md-x lg-x y md-y lg-y\" id=\"image_732123822\">\n\t\t\t\t\t\t\t\t<div class=\"img-inner dark\" >\n\t\t\t<img loading=\"lazy\" decoding=\"async\" width=\"280\" height=\"280\" src=\"https:\/\/viktoria.es\/wp-content\/uploads\/sostenibilidad-280x280.png\" class=\"attachment-thumbnail size-thumbnail\" alt=\"\" srcset=\"https:\/\/viktoria.es\/wp-content\/uploads\/sostenibilidad-280x280.png 280w, https:\/\/viktoria.es\/wp-content\/uploads\/sostenibilidad-100x100.png 100w, https:\/\/viktoria.es\/wp-content\/uploads\/sostenibilidad-400x400.png 400w, https:\/\/viktoria.es\/wp-content\/uploads\/sostenibilidad-50x50.png 50w, https:\/\/viktoria.es\/wp-content\/uploads\/sostenibilidad.png 512w\" sizes=\"auto, (max-width: 280px) 100vw, 280px\" title=\"\">\t\t\t\t\t\t\n\t\t\t\t\t<\/div>\n\t\t\t\t\t\t\t\t\n<style>\n#image_732123822 {\n  width: 15%;\n}\n@media (min-width:550px) {\n  #image_732123822 {\n    width: 20%;\n  }\n}\n<\/style>\n\t<\/div>\n\t\n\n<h3 class=\"uppercase\">Sostenibilidad<\/h3>\n<p>Nos preocupamos por el medio ambiente, utilizando procesos sostenibles en la fabricaci\u00f3n.<\/p>\n\n\t\t<\/div>\n\t\t\t\t\t<\/div>\n\n\t\n\n<\/div>\n\n\t\t<\/div>\n\t\t\t\t\n<style>\n#col-844691269 > .col-inner {\n  padding: 0px 0px 0px 20px;\n}\n<\/style>\n\t<\/div>\n\n\t\n\n\n<style>\n#row-512110102 > .col > .col-inner {\n  padding: 0px 15px 0px 15px;\n}\n<\/style>\n<\/div>\n\n\t\t<\/div>\n\t\t\t\t\n<style>\n#col-157877820 > .col-inner {\n  padding: 50px 20px 0px 20px;\n  margin: -0 0px 0px 0px;\n}\n@media (min-width:550px) {\n  #col-157877820 > .col-inner {\n    padding: 50px 20px 30px 20px;\n    margin: 0 0px 0px 0px;\n  }\n}\n@media (min-width:850px) {\n  #col-157877820 > .col-inner {\n    padding: 5px 5% 16px 5%;\n    margin: 0px 0px 0px 0px;\n  }\n}\n<\/style>\n\t<\/div>\n\n\t\n\n<\/div>\n\t<div id=\"gap-1308213490\" class=\"gap-element clearfix\" style=\"display:block; height:auto;\">\n\t\t\n<style>\n#gap-1308213490 {\n  padding-top: 30px;\n}\n<\/style>\n\t<\/div>\n\t\n\n<div class=\"row row-collapse row-full-width\"  id=\"row-1688723163\">\n\n\n\t<div id=\"col-1234295481\" class=\"col small-12 large-12\"  >\n\t\t\t\t<div class=\"col-inner\"  >\n\t\t\t\n\t\t\t\n\n\n\n<iframe src=\"https:\/\/www.google.com\/maps\/embed?pb=!1m14!1m12!1m3!1d14093.287279755968!2d-15.488828349999999!3d27.9840488!2m3!1f0!2f0!3f0!3m2!1i1024!2i768!4f13.1!5e0!3m2!1ses!2ses!4v1739612237147!5m2!1ses!2ses\" width=\"100%\" height=\"400\" style=\"border:0;\" allowfullscreen=\"\" loading=\"lazy\" referrerpolicy=\"no-referrer-when-downgrade\"><\/iframe>\n\n\n\t\t<\/div>\n\t\t\t\t\t<\/div>\n\n\t\n\n<\/div>\n\n","protected":false},"excerpt":{"rendered":"","protected":false},"author":2,"featured_media":0,"parent":0,"menu_order":0,"comment_status":"closed","ping_status":"closed","template":"page-blank.php","meta":{"footnotes":""},"class_list":["post-35808","page","type-page","status-publish","hentry"],"_links":{"self":[{"href":"https:\/\/viktoria.es\/en\/wp-json\/wp\/v2\/pages\/35808","targetHints":{"allow":["GET"]}}],"collection":[{"href":"https:\/\/viktoria.es\/en\/wp-json\/wp\/v2\/pages"}],"about":[{"href":"https:\/\/viktoria.es\/en\/wp-json\/wp\/v2\/types\/page"}],"author":[{"embeddable":true,"href":"https:\/\/viktoria.es\/en\/wp-json\/wp\/v2\/users\/2"}],"replies":[{"embeddable":true,"href":"https:\/\/viktoria.es\/en\/wp-json\/wp\/v2\/comments?post=35808"}],"version-history":[{"count":5,"href":"https:\/\/viktoria.es\/en\/wp-json\/wp\/v2\/pages\/35808\/revisions"}],"predecessor-version":[{"id":35813,"href":"https:\/\/viktoria.es\/en\/wp-json\/wp\/v2\/pages\/35808\/revisions\/35813"}],"wp:attachment":[{"href":"https:\/\/viktoria.es\/en\/wp-json\/wp\/v2\/media?parent=35808"}],"curies":[{"name":"wp","href":"https:\/\/api.w.org\/{rel}","templated":true}]}}