{"id":35814,"date":"2025-05-10T19:30:22","date_gmt":"2025-05-10T18:30:22","guid":{"rendered":"https:\/\/viktoria.es\/accesibilidad\/"},"modified":"2025-05-11T11:48:34","modified_gmt":"2025-05-11T10:48:34","slug":"accesibilidad","status":"publish","type":"page","link":"https:\/\/viktoria.es\/en\/accesibilidad\/","title":{"rendered":"Accesibilidad"},"content":{"rendered":"\n\n\t<section class=\"section\" id=\"section_101107401\">\n\t\t<div class=\"section-bg fill\" >\n\t\t\t\t\t\t\t\t\t\n\t\t\t\n\n\t\t<\/div>\n\n\t\t\n\n\t\t<div class=\"section-content relative\">\n\t\t\t\n\n<div class=\"row\"  id=\"row-373628801\">\n\n\n\t<div id=\"col-1173335150\" class=\"col small-12 large-12\"  >\n\t\t\t\t<div class=\"col-inner\"  >\n\t\t\t\n\t\t\t\n\n<div class=\"wp-block-uagb-container uagb-block-0a840fa8 alignfull uagb-is-root-container\">\n<div class=\"uagb-container-inner-blocks-wrap\">\n<div class=\"wp-block-uagb-advanced-heading uagb-block-ac0ad0d9\">\n<h2 class=\"uagb-heading-text\"><strong>Accesibilidad<\/strong><\/h2>\n<\/div>\n<\/div>\n<\/div>\n<div class=\"wp-block-uagb-container uagb-block-39ed9e2e alignfull uagb-is-root-container\">\n<div class=\"uagb-container-inner-blocks-wrap\">\n<p data-pm-slice=\"1 1 &#091;&#093;\">En <strong>Viktoria<\/strong>, nos comprometemos a garantizar la accesibilidad de nuestro sitio web para todas las personas, independientemente de sus capacidades f\u00edsicas, cognitivas o tecnol\u00f3gicas. Nuestro objetivo es proporcionar una experiencia de usuario inclusiva, cumpliendo con los est\u00e1ndares de accesibilidad establecidos por la normativa vigente. <\/p>\n<h2>Esfuerzos para la accesibilidad<\/h2>\n<p>Trabajamos continuamente para mejorar la accesibilidad de nuestro sitio web mediante:<\/p>\n<ul data-spread=\"false\">\n<li>\n<p>Dise\u00f1o adaptable y compatible con dispositivos m\u00f3viles.<\/p>\n<\/li>\n<li>\n<p>Navegaci\u00f3n intuitiva y clara para facilitar el acceso a los contenidos.<\/p>\n<\/li>\n<li>\n<p>Uso de etiquetas sem\u00e1nticas y descripciones alternativas en im\u00e1genes.<\/p>\n<\/li>\n<li>\n<p>Contrastes adecuados para una f\u00e1cil lectura del contenido.<\/p>\n<\/li>\n<li>\n<p>Compatibilidad con lectores de pantalla y otras tecnolog\u00edas asistivas.<\/p>\n<\/li>\n<\/ul>\n<h2>Estado de conformidad<\/h2>\n<p>Nuestro sitio web se esfuerza por cumplir con las pautas de accesibilidad WCAG 2.1 en su nivel AA, garantizando que la mayor\u00eda de los contenidos sean accesibles para un amplio espectro de usuarios.<\/p>\n<h2>Asistencia y contacto<\/h2>\n<p>Si encuentras alguna dificultad para acceder a la informaci\u00f3n de nuestro sitio web, estaremos encantados de ayudarte. Puedes ponerte en contacto con nosotros a trav\u00e9s de los siguientes medios: <\/p>\n<ul data-spread=\"false\">\n<li>\n<p><strong>Titular:<\/strong> Viktoria Fekete<\/p>\n<\/li>\n<li>\n<p><strong>Direcci\u00f3n:<\/strong> Avda. de las Adelfas 7, Los Monteros Hill Club B3 A27, Marbella, Espa\u00f1a<\/p>\n<\/li>\n<li>\n<p><strong>Tel\u00e9fono:<\/strong> 646 26 74 43<\/p>\n<\/li>\n<li>\n<p><strong>Correo electr\u00f3nico:<\/strong> <a>info@viktoria.es<\/a><\/p>\n<\/li>\n<\/ul>\n<p>Nuestro equipo est\u00e1 comprometido en atender cualquier solicitud de mejora en materia de accesibilidad y en ofrecer soporte personalizado para garantizar una experiencia satisfactoria.<\/p>\n<p><strong>Fecha de \u00faltima actualizaci\u00f3n:<\/strong> 10 de mayo de 2025<\/p>\n<\/div>\n<\/div>\n\n\t\t<\/div>\n\t\t\t\t\t<\/div>\n\n\t\n\n<\/div>\n\n\t\t<\/div>\n\n\t\t\n<style>\n#section_101107401 {\n  padding-top: 60px;\n  padding-bottom: 60px;\n}\n<\/style>\n\t<\/section>\n\t\n\n","protected":false},"excerpt":{"rendered":"","protected":false},"author":47,"featured_media":0,"parent":0,"menu_order":0,"comment_status":"closed","ping_status":"closed","template":"page-blank.php","meta":{"footnotes":""},"class_list":["post-35814","page","type-page","status-publish","hentry"],"_links":{"self":[{"href":"https:\/\/viktoria.es\/en\/wp-json\/wp\/v2\/pages\/35814","targetHints":{"allow":["GET"]}}],"collection":[{"href":"https:\/\/viktoria.es\/en\/wp-json\/wp\/v2\/pages"}],"about":[{"href":"https:\/\/viktoria.es\/en\/wp-json\/wp\/v2\/types\/page"}],"author":[{"embeddable":true,"href":"https:\/\/viktoria.es\/en\/wp-json\/wp\/v2\/users\/47"}],"replies":[{"embeddable":true,"href":"https:\/\/viktoria.es\/en\/wp-json\/wp\/v2\/comments?post=35814"}],"version-history":[{"count":1,"href":"https:\/\/viktoria.es\/en\/wp-json\/wp\/v2\/pages\/35814\/revisions"}],"predecessor-version":[{"id":35815,"href":"https:\/\/viktoria.es\/en\/wp-json\/wp\/v2\/pages\/35814\/revisions\/35815"}],"wp:attachment":[{"href":"https:\/\/viktoria.es\/en\/wp-json\/wp\/v2\/media?parent=35814"}],"curies":[{"name":"wp","href":"https:\/\/api.w.org\/{rel}","templated":true}]}}