{"id":35816,"date":"2025-05-10T11:50:18","date_gmt":"2025-05-10T10:50:18","guid":{"rendered":"https:\/\/viktoria.es\/aviso-legal\/"},"modified":"2025-05-11T11:50:17","modified_gmt":"2025-05-11T10:50:17","slug":"aviso-legal","status":"publish","type":"page","link":"https:\/\/viktoria.es\/en\/aviso-legal\/","title":{"rendered":"Aviso legal"},"content":{"rendered":"\n\n\t<section class=\"section\" id=\"section_1211257244\">\n\t\t<div class=\"section-bg fill\" >\n\t\t\t\t\t\t\t\t\t\n\t\t\t\n\n\t\t<\/div>\n\n\t\t\n\n\t\t<div class=\"section-content relative\">\n\t\t\t\n\n<div class=\"row\"  id=\"row-386879492\">\n\n\n\t<div id=\"col-730809090\" class=\"col small-12 large-12\"  >\n\t\t\t\t<div class=\"col-inner\"  >\n\t\t\t\n\t\t\t\n\n<h2 data-pm-slice=\"1 1 &#091;&#093;\">Aviso Legal<\/h2>\n<p>En cumplimiento con lo dispuesto en el art\u00edculo 10 de la Ley 34\/2002, de 11 de julio, de Servicios de la Sociedad de la Informaci\u00f3n y de Comercio Electr\u00f3nico (LSSI-CE), se informa que el titular de este sitio web es:<\/p>\n<ul data-spread=\"false\">\n<li>\n<p><strong>Nombre:<\/strong> Viktoria Fekete<\/p>\n<\/li>\n<li>\n<p><strong>NIF:<\/strong> X8687664N<\/p>\n<\/li>\n<li>\n<p><strong>Direcci\u00f3n:<\/strong> Avda. de las Adelfas 7, Los Monteros Hill Club B3 A27, Marbella, Espa\u00f1a<\/p>\n<\/li>\n<li>\n<p><strong>Tel\u00e9fono:<\/strong> 646 26 74 43<\/p>\n<\/li>\n<li>\n<p><strong>Correo electr\u00f3nico:<\/strong> <a>info@viktoria.es<\/a><\/p>\n<\/li>\n<\/ul>\n<h2>Condiciones de uso<\/h2>\n<p>El acceso y\/o uso de este sitio web atribuye la condici\u00f3n de usuario, que acepta, desde dicho acceso y\/o uso, las condiciones aqu\u00ed reflejadas. Las presentes condiciones ser\u00e1n de aplicaci\u00f3n independientemente de las Condiciones Generales de Contrataci\u00f3n que en su caso resulten de obligado cumplimiento. <\/p>\n<h2>Protecci\u00f3n de datos personales<\/h2>\n<p>El titular garantiza el cumplimiento de la normativa vigente en materia de protecci\u00f3n de datos personales, reflejada en el Reglamento (UE) 2016\/679 del Parlamento Europeo y del Consejo, de 27 de abril de 2016 (RGPD) y la Ley Org\u00e1nica 3\/2018, de 5 de diciembre, de Protecci\u00f3n de Datos Personales y garant\u00eda de los derechos digitales (LOPDGDD).<\/p>\n<p>Para m\u00e1s informaci\u00f3n sobre el tratamiento de datos personales, puedes consultar nuestra <strong>Pol\u00edtica de Privacidad<\/strong>.<\/p>\n<h2>Propiedad intelectual e industrial<\/h2>\n<p>Todos los contenidos de este sitio web (textos, im\u00e1genes, gr\u00e1ficos, logos, iconos, software, nombres comerciales, marcas, etc.) son propiedad de Viktoria Fekete o, en su caso, dispone de licencia o autorizaci\u00f3n expresa para su uso, y est\u00e1n protegidos por la legislaci\u00f3n vigente en materia de propiedad intelectual e industrial.<\/p>\n<p>Queda prohibida la reproducci\u00f3n, distribuci\u00f3n y comunicaci\u00f3n p\u00fablica, incluida su modalidad de puesta a disposici\u00f3n, de la totalidad o parte de los contenidos de esta web en cualquier soporte y por cualquier medio t\u00e9cnico, sin la autorizaci\u00f3n de Viktoria Fekete.<\/p>\n<h2>Enlaces externos<\/h2>\n<p>El sitio web puede contener enlaces a p\u00e1ginas de terceros, sobre las cuales no se ejerce ning\u00fan tipo de control. En consecuencia, no asumimos responsabilidad alguna por el contenido de dichos enlaces, ni garantizamos la disponibilidad t\u00e9cnica, calidad, fiabilidad, exactitud, amplitud, veracidad, validez y constitucionalidad de cualquier material o informaci\u00f3n contenida en ninguno de dichos hiperv\u00ednculos. <\/p>\n<h2>Legislaci\u00f3n aplicable y jurisdicci\u00f3n<\/h2>\n<p>La relaci\u00f3n entre el titular del sitio web y el usuario se regir\u00e1 por la normativa espa\u00f1ola vigente y cualquier controversia se someter\u00e1 a los Juzgados y Tribunales de Marbella, salvo que la Ley aplicable disponga otra cosa.<\/p>\n<p><strong>Fecha de \u00faltima actualizaci\u00f3n:<\/strong> 10 de mayo de 2025<\/p>\n\n\t\t<\/div>\n\t\t\t\t\t<\/div>\n\n\t\n\n<\/div>\n\n\t\t<\/div>\n\n\t\t\n<style>\n#section_1211257244 {\n  padding-top: 70px;\n  padding-bottom: 70px;\n}\n<\/style>\n\t<\/section>\n\t\n\n","protected":false},"excerpt":{"rendered":"","protected":false},"author":47,"featured_media":0,"parent":0,"menu_order":0,"comment_status":"closed","ping_status":"closed","template":"page-blank.php","meta":{"footnotes":""},"class_list":["post-35816","page","type-page","status-publish","hentry"],"_links":{"self":[{"href":"https:\/\/viktoria.es\/en\/wp-json\/wp\/v2\/pages\/35816","targetHints":{"allow":["GET"]}}],"collection":[{"href":"https:\/\/viktoria.es\/en\/wp-json\/wp\/v2\/pages"}],"about":[{"href":"https:\/\/viktoria.es\/en\/wp-json\/wp\/v2\/types\/page"}],"author":[{"embeddable":true,"href":"https:\/\/viktoria.es\/en\/wp-json\/wp\/v2\/users\/47"}],"replies":[{"embeddable":true,"href":"https:\/\/viktoria.es\/en\/wp-json\/wp\/v2\/comments?post=35816"}],"version-history":[{"count":1,"href":"https:\/\/viktoria.es\/en\/wp-json\/wp\/v2\/pages\/35816\/revisions"}],"predecessor-version":[{"id":35817,"href":"https:\/\/viktoria.es\/en\/wp-json\/wp\/v2\/pages\/35816\/revisions\/35817"}],"wp:attachment":[{"href":"https:\/\/viktoria.es\/en\/wp-json\/wp\/v2\/media?parent=35816"}],"curies":[{"name":"wp","href":"https:\/\/api.w.org\/{rel}","templated":true}]}}