{"id":36201,"date":"2025-07-06T23:35:12","date_gmt":"2025-07-06T21:35:12","guid":{"rendered":"https:\/\/viktoria.es\/shop\/sin%20categor\u00eda\/camiseta-deportiva-coral-gold-fvlbvclr\/"},"modified":"2025-07-19T22:42:56","modified_gmt":"2025-07-19T20:42:56","slug":"camiseta-deportiva-coral-oro-fvlbvclr","status":"publish","type":"product","link":"https:\/\/viktoria.es\/en\/shop\/mujer\/camisetas-maxdri\/camiseta-deportiva-coral-oro-fvlbvclr\/","title":{"rendered":"Camiseta Deportiva Coral Oro FVLBVCLR"},"content":{"rendered":"<p>Esta camiseta combina comodidad y estilo a la perfecci\u00f3n. Su tejido de malla deportiva con propiedades antimicrobianas y de control de la humedad te mantendr\u00e1n seco y c\u00f3modo durante el ejercicio, mientras que su dise\u00f1o la convierte en una prenda \u00fanica.<\/p>\n<p> \u2022 92% poli\u00e9ster, 8% spandex (en Estados Unidos)<br \/>\n \u2022 90% poli\u00e9ster, 10% licra (en la Uni\u00f3n Europea)<br \/>\n \u2022 Peso del tejido: 150 g\/m\u00b2 (4.42 oz\/yd\u00b2)<br \/>\n \u2022 Tejido de malla deportiva el\u00e1stica en cuatro direcciones muy suave<br \/>\n \u2022 Ajuste c\u00f3modo <br \/>\n \u2022 Sobrehilado y pespunte<br \/>\n \u2022 Protecci\u00f3n FPU 50+<\/p>\n","protected":false},"excerpt":{"rendered":"<p>Esta camiseta combina comodidad y estilo a la perfecci\u00f3n. Su tejido de malla deportiva con propiedades antimicrobianas y de control de la humedad te mantendr\u00e1n seco y c\u00f3modo durante el ejercicio, mientras que su dise\u00f1o la convierte en una prenda \u00fanica. \u2022 92% poli\u00e9ster, 8% spandex (en Estados Unidos) \u2022 90% poli\u00e9ster, 10% licra (en [&#8230;]\n","protected":false},"featured_media":36212,"template":"","meta":[],"product_brand":[],"product_cat":[321],"product_tag":[],"class_list":{"0":"post-36201","1":"product","2":"type-product","3":"status-publish","4":"has-post-thumbnail","6":"product_cat-camisetas-maxdri","8":"first","9":"instock","10":"shipping-taxable","11":"purchasable","12":"product-type-variable","13":"has-default-attributes"},"_links":{"self":[{"href":"https:\/\/viktoria.es\/en\/wp-json\/wp\/v2\/product\/36201","targetHints":{"allow":["GET"]}}],"collection":[{"href":"https:\/\/viktoria.es\/en\/wp-json\/wp\/v2\/product"}],"about":[{"href":"https:\/\/viktoria.es\/en\/wp-json\/wp\/v2\/types\/product"}],"wp:featuredmedia":[{"embeddable":true,"href":"https:\/\/viktoria.es\/en\/wp-json\/wp\/v2\/media\/36212"}],"wp:attachment":[{"href":"https:\/\/viktoria.es\/en\/wp-json\/wp\/v2\/media?parent=36201"}],"wp:term":[{"taxonomy":"product_brand","embeddable":true,"href":"https:\/\/viktoria.es\/en\/wp-json\/wp\/v2\/product_brand?post=36201"},{"taxonomy":"product_cat","embeddable":true,"href":"https:\/\/viktoria.es\/en\/wp-json\/wp\/v2\/product_cat?post=36201"},{"taxonomy":"product_tag","embeddable":true,"href":"https:\/\/viktoria.es\/en\/wp-json\/wp\/v2\/product_tag?post=36201"}],"curies":[{"name":"wp","href":"https:\/\/api.w.org\/{rel}","templated":true}]}}