{"id":36219,"date":"2025-07-19T21:59:12","date_gmt":"2025-07-19T19:59:12","guid":{"rendered":"https:\/\/viktoria.es\/shop\/sin%20categor\u00eda\/sudadera-unisex\/"},"modified":"2025-07-19T22:42:37","modified_gmt":"2025-07-19T20:42:37","slug":"sudadera-coral-oro-vkcvkcg","status":"publish","type":"product","link":"https:\/\/viktoria.es\/en\/shop\/mujer\/sudaderas-con-capucha-mujer\/sudadera-coral-oro-vkcvkcg\/","title":{"rendered":"Sudadera Coral Oro VKCVKCG"},"content":{"rendered":"<p>Esta c\u00f3moda sudadera unisex tiene un exterior suave con un estampado vibrante y un interior de vell\u00f3n cepillado a\u00fan m\u00e1s suave. La sudadera tiene un corte holgado y es perfecta para acurrucarse en una tarde fr\u00eda.<\/p>\n<p>\u2022 95% poli\u00e9ster reciclado y 5% spandex<br \/>\n\u2022 Peso del tejido (podr\u00eda variar en un 5%): 308 g\/m\u00b2 (9,08 oz\/yd\u00b2)<br \/>\n\u2022 Exterior de tacto suave<br \/>\n\u2022 Interior de vell\u00f3n<br \/>\n\u2022 Capucha de doble forro con dise\u00f1o en ambos lados<br \/>\n\u2022 Estilo unisex<br \/>\n\u2022 Incluye cordones<br \/>\n\u2022 Costuras superpuestas<\/p>\n","protected":false},"excerpt":{"rendered":"<p>Esta c\u00f3moda sudadera unisex tiene un exterior suave con un estampado vibrante y un interior de vell\u00f3n cepillado a\u00fan m\u00e1s suave. La sudadera tiene un corte holgado y es perfecta para acurrucarse en una tarde fr\u00eda. \u2022 95% poli\u00e9ster reciclado y 5% spandex \u2022 Peso del tejido (podr\u00eda variar en un 5%): 308 g\/m\u00b2 (9,08 [&#8230;]\n","protected":false},"featured_media":36231,"template":"","meta":[],"product_brand":[],"product_cat":[196],"product_tag":[],"class_list":{"0":"post-36219","1":"product","2":"type-product","3":"status-publish","4":"has-post-thumbnail","6":"product_cat-sudaderas-con-capucha-mujer","8":"first","9":"instock","10":"shipping-taxable","11":"purchasable","12":"product-type-variable","13":"has-default-attributes"},"_links":{"self":[{"href":"https:\/\/viktoria.es\/en\/wp-json\/wp\/v2\/product\/36219","targetHints":{"allow":["GET"]}}],"collection":[{"href":"https:\/\/viktoria.es\/en\/wp-json\/wp\/v2\/product"}],"about":[{"href":"https:\/\/viktoria.es\/en\/wp-json\/wp\/v2\/types\/product"}],"wp:featuredmedia":[{"embeddable":true,"href":"https:\/\/viktoria.es\/en\/wp-json\/wp\/v2\/media\/36231"}],"wp:attachment":[{"href":"https:\/\/viktoria.es\/en\/wp-json\/wp\/v2\/media?parent=36219"}],"wp:term":[{"taxonomy":"product_brand","embeddable":true,"href":"https:\/\/viktoria.es\/en\/wp-json\/wp\/v2\/product_brand?post=36219"},{"taxonomy":"product_cat","embeddable":true,"href":"https:\/\/viktoria.es\/en\/wp-json\/wp\/v2\/product_cat?post=36219"},{"taxonomy":"product_tag","embeddable":true,"href":"https:\/\/viktoria.es\/en\/wp-json\/wp\/v2\/product_tag?post=36219"}],"curies":[{"name":"wp","href":"https:\/\/api.w.org\/{rel}","templated":true}]}}