{"id":36280,"date":"2025-07-20T01:00:54","date_gmt":"2025-07-19T23:00:54","guid":{"rendered":"https:\/\/viktoria.es\/shop\/sin%20categor\u00eda\/sudadera-unisex\/"},"modified":"2025-07-20T01:06:55","modified_gmt":"2025-07-19T23:06:55","slug":"sudadera-unisex","status":"publish","type":"product","link":"https:\/\/viktoria.es\/en\/shop\/mujer\/sudaderas-mujer\/sudadera-unisex\/","title":{"rendered":"Sudadera Coral Oro WHVKCV"},"content":{"rendered":"<p>Esta incre\u00edble sudadera ha sido confeccionada y cosida a mano para lograr el mejor look posible. Adem\u00e1s, su tejido duradero con un tacto exterior similar al algod\u00f3n, pero hecho a base de poli\u00e9ster reciclado y su interior de vell\u00f3n har\u00e1n de esta sudadera tu nueva prenda favorita durante mucho tiempo.<\/p>\n<p>\u2022 95% poli\u00e9ster reciclado y 5% spandex<br \/>\n\u2022 Peso del tejido (podr\u00eda variar en un 5%): 308 g\/m\u00b2 (9,08 oz\/yd\u00b2)<br \/>\n\u2022 Exterior de tacto suave<br \/>\n\u2022 Interior de vell\u00f3n<br \/>\n\u2022 Estilo unisex<br \/>\n\u2022 Costuras superpuestas<\/p>\n","protected":false},"excerpt":{"rendered":"<p>Esta incre\u00edble sudadera ha sido confeccionada y cosida a mano para lograr el mejor look posible. Adem\u00e1s, su tejido duradero con un tacto exterior similar al algod\u00f3n, pero hecho a base de poli\u00e9ster reciclado y su interior de vell\u00f3n har\u00e1n de esta sudadera tu nueva prenda favorita durante mucho tiempo. \u2022 95% poli\u00e9ster reciclado y [&#8230;]\n","protected":false},"featured_media":36292,"template":"","meta":[],"product_brand":[],"product_cat":[217],"product_tag":[],"class_list":{"0":"post-36280","1":"product","2":"type-product","3":"status-publish","4":"has-post-thumbnail","6":"product_cat-sudaderas-mujer","8":"first","9":"instock","10":"shipping-taxable","11":"purchasable","12":"product-type-variable","13":"has-default-attributes"},"_links":{"self":[{"href":"https:\/\/viktoria.es\/en\/wp-json\/wp\/v2\/product\/36280","targetHints":{"allow":["GET"]}}],"collection":[{"href":"https:\/\/viktoria.es\/en\/wp-json\/wp\/v2\/product"}],"about":[{"href":"https:\/\/viktoria.es\/en\/wp-json\/wp\/v2\/types\/product"}],"wp:featuredmedia":[{"embeddable":true,"href":"https:\/\/viktoria.es\/en\/wp-json\/wp\/v2\/media\/36292"}],"wp:attachment":[{"href":"https:\/\/viktoria.es\/en\/wp-json\/wp\/v2\/media?parent=36280"}],"wp:term":[{"taxonomy":"product_brand","embeddable":true,"href":"https:\/\/viktoria.es\/en\/wp-json\/wp\/v2\/product_brand?post=36280"},{"taxonomy":"product_cat","embeddable":true,"href":"https:\/\/viktoria.es\/en\/wp-json\/wp\/v2\/product_cat?post=36280"},{"taxonomy":"product_tag","embeddable":true,"href":"https:\/\/viktoria.es\/en\/wp-json\/wp\/v2\/product_tag?post=36280"}],"curies":[{"name":"wp","href":"https:\/\/api.w.org\/{rel}","templated":true}]}}