{"id":36300,"date":"2025-07-20T01:31:51","date_gmt":"2025-07-19T23:31:51","guid":{"rendered":"https:\/\/viktoria.es\/shop\/sin%20categor\u00eda\/shorts-de-deporte-coral-oro-vkwvkck\/"},"modified":"2025-11-01T16:40:57","modified_gmt":"2025-11-01T15:40:57","slug":"shorts-de-deporte-coral-oro-vkwvkck","status":"publish","type":"product","link":"https:\/\/viktoria.es\/en\/shop\/mujer\/shorts-de-deporte-coral-oro-vkwvkck\/","title":{"rendered":"Shorts de deporte Coral Oro VKWVKCK"},"content":{"rendered":"<p>Estos shorts deportivos son tan c\u00f3modos y vers\u00e1tiles que ni sentir\u00e1s que los llevas puestos. Y, por supuesto, vienen con bolsillos. \u00bfQu\u00e9 m\u00e1s podr\u00edas necesitar? \u00a1Consigue los tuyos!<\/p>\n<p>\u2022 91% poli\u00e9ster reciclado, 9% spandex<br \/>\n\u2022 Peso del tejido: 174 g\/m\u00b2 (5,13 oz\/yd\u00b2)<br \/>\n\u2022 Tejido de microfibra el\u00e1stico en cuatro direcciones y que absorbe la humedad<br \/>\n\u2022 Material transpirable y de secado r\u00e1pido<br \/>\n\u2022 Protecci\u00f3n FPU 50+<br \/>\n\u2022 Banda el\u00e1stica con cord\u00f3n plano blanco<br \/>\n\u2022 Bolsillos laterales de malla<br \/>\n\u2022 Tiro de 6,35 cm (2.5\u2019\u2019)<\/p>\n","protected":false},"excerpt":{"rendered":"<p>Estos shorts deportivos son tan c\u00f3modos y vers\u00e1tiles que ni sentir\u00e1s que los llevas puestos. Y, por supuesto, vienen con bolsillos. \u00bfQu\u00e9 m\u00e1s podr\u00edas necesitar? \u00a1Consigue los tuyos! \u2022 91% poli\u00e9ster reciclado, 9% spandex \u2022 Peso del tejido: 174 g\/m\u00b2 (5,13 oz\/yd\u00b2) \u2022 Tejido de microfibra el\u00e1stico en cuatro direcciones y que absorbe la humedad [&#8230;]\n","protected":false},"featured_media":36531,"template":"","meta":[],"product_brand":[],"product_cat":[368],"product_tag":[],"class_list":{"0":"post-36300","1":"product","2":"type-product","3":"status-publish","4":"has-post-thumbnail","6":"product_cat-mujer","8":"first","9":"instock","10":"shipping-taxable","11":"purchasable","12":"product-type-variable","13":"has-default-attributes"},"_links":{"self":[{"href":"https:\/\/viktoria.es\/en\/wp-json\/wp\/v2\/product\/36300","targetHints":{"allow":["GET"]}}],"collection":[{"href":"https:\/\/viktoria.es\/en\/wp-json\/wp\/v2\/product"}],"about":[{"href":"https:\/\/viktoria.es\/en\/wp-json\/wp\/v2\/types\/product"}],"wp:featuredmedia":[{"embeddable":true,"href":"https:\/\/viktoria.es\/en\/wp-json\/wp\/v2\/media\/36531"}],"wp:attachment":[{"href":"https:\/\/viktoria.es\/en\/wp-json\/wp\/v2\/media?parent=36300"}],"wp:term":[{"taxonomy":"product_brand","embeddable":true,"href":"https:\/\/viktoria.es\/en\/wp-json\/wp\/v2\/product_brand?post=36300"},{"taxonomy":"product_cat","embeddable":true,"href":"https:\/\/viktoria.es\/en\/wp-json\/wp\/v2\/product_cat?post=36300"},{"taxonomy":"product_tag","embeddable":true,"href":"https:\/\/viktoria.es\/en\/wp-json\/wp\/v2\/product_tag?post=36300"}],"curies":[{"name":"wp","href":"https:\/\/api.w.org\/{rel}","templated":true}]}}