{"id":36316,"date":"2025-07-20T01:41:51","date_gmt":"2025-07-19T23:41:51","guid":{"rendered":"https:\/\/viktoria.es\/shop\/sin%20categor\u00eda\/top-deportivo-ecologico-coral-oro-whcvkb\/"},"modified":"2025-07-20T01:44:14","modified_gmt":"2025-07-19T23:44:14","slug":"top-deportivo-ecologico-coral-oro-whcvkb","status":"publish","type":"product","link":"https:\/\/viktoria.es\/en\/shop\/mujer\/tops\/top-deportivo-ecologico-coral-oro-whcvkb\/","title":{"rendered":"Top Deportivo Ecol\u00f3gico Coral Oro WHCVKB"},"content":{"rendered":"<p>Este sujetador deportivo es el top de entreno perfecto para hacer ejercicio. El tejido compresivo situado alrededor del frontal de doble capa y los tirantes para hombros garantizan una gran sujeci\u00f3n mientras corres, saltas o haces pesas. \u00a1P\u00f3ntelo para hacer ejercicio o bien como top de tu conjunto en un d\u00eda soleado!<\/p>\n<p>\u2022 74% poli\u00e9ster reciclado, 26% licra<br \/>\n\u2022 Peso del tejido para compresi\u00f3n: 250 g\/m\u00b2 (7.37 oz.\/yd.\u00b2)<br \/>\n\u2022 No se transparenta<br \/>\n\u2022 Composici\u00f3n del tejido de forro: 92% poli\u00e9ster, 8% spandex (en Estados Unidos), y 90% poli\u00e9ster, 10% licra (en la Uni\u00f3n Europea)<br \/>\n\u2022 Peso del tejido de forro: 150 g\/m\u00b2 (4.42 oz.\/yd.\u00b2), el peso puede variar en un 5%<br \/>\n\u2022 Tiene aberturas para remover el relleno y est\u00e1 completamente revestido con una malla<br \/>\n\u2022 Relleno extra\u00edble incluido<br \/>\n\u2022 Parte frontal de doble capa<br \/>\n\u2022 Silueta alargada<br \/>\n\u2022 El contenido reciclado de este producto cuenta con la certificaci\u00f3n Global Recycled Standard (GRS)<\/p>\n","protected":false},"excerpt":{"rendered":"<p>Este sujetador deportivo es el top de entreno perfecto para hacer ejercicio. El tejido compresivo situado alrededor del frontal de doble capa y los tirantes para hombros garantizan una gran sujeci\u00f3n mientras corres, saltas o haces pesas. \u00a1P\u00f3ntelo para hacer ejercicio o bien como top de tu conjunto en un d\u00eda soleado! \u2022 74% poli\u00e9ster [&#8230;]\n","protected":false},"featured_media":36330,"template":"","meta":[],"product_brand":[],"product_cat":[216],"product_tag":[],"class_list":{"0":"post-36316","1":"product","2":"type-product","3":"status-publish","4":"has-post-thumbnail","6":"product_cat-tops","8":"first","9":"instock","10":"shipping-taxable","11":"purchasable","12":"product-type-variable","13":"has-default-attributes"},"_links":{"self":[{"href":"https:\/\/viktoria.es\/en\/wp-json\/wp\/v2\/product\/36316","targetHints":{"allow":["GET"]}}],"collection":[{"href":"https:\/\/viktoria.es\/en\/wp-json\/wp\/v2\/product"}],"about":[{"href":"https:\/\/viktoria.es\/en\/wp-json\/wp\/v2\/types\/product"}],"wp:featuredmedia":[{"embeddable":true,"href":"https:\/\/viktoria.es\/en\/wp-json\/wp\/v2\/media\/36330"}],"wp:attachment":[{"href":"https:\/\/viktoria.es\/en\/wp-json\/wp\/v2\/media?parent=36316"}],"wp:term":[{"taxonomy":"product_brand","embeddable":true,"href":"https:\/\/viktoria.es\/en\/wp-json\/wp\/v2\/product_brand?post=36316"},{"taxonomy":"product_cat","embeddable":true,"href":"https:\/\/viktoria.es\/en\/wp-json\/wp\/v2\/product_cat?post=36316"},{"taxonomy":"product_tag","embeddable":true,"href":"https:\/\/viktoria.es\/en\/wp-json\/wp\/v2\/product_tag?post=36316"}],"curies":[{"name":"wp","href":"https:\/\/api.w.org\/{rel}","templated":true}]}}