{"id":36342,"date":"2025-07-20T01:55:28","date_gmt":"2025-07-19T23:55:28","guid":{"rendered":"https:\/\/viktoria.es\/shop\/sin%20categor\u00eda\/leggins-cortos-coral-oro-ckvkcg\/"},"modified":"2025-07-20T02:02:45","modified_gmt":"2025-07-20T00:02:45","slug":"leggins-cortos-coral-oro-ckvkcg","status":"publish","type":"product","link":"https:\/\/viktoria.es\/en\/shop\/mujer\/leggins\/leggins-cortos-coral-oro-ckvkcg\/","title":{"rendered":"Leggins Cortos Coral Oro CKVKCG"},"content":{"rendered":"<p>Estos pantalones cortos son una apuesta segura, ideales para todas las ocasiones. Y si las cosas no van como deseas, el estampado vibrante te dar\u00e1 el empuj\u00f3n de energ\u00eda que necesitas.<\/p>\n<p>\u2022 82% poli\u00e9ster, 18% elastano<br \/>\n\u2022 Tela el\u00e1stica en 4 direcciones que se estira y se recupera en los hilos de la trama y de la urdimbre<br \/>\n\u2022 Elaborado con hilo de microfibra suave y agradable al tacto<br \/>\n\u2022 Con sobrehilado y punto de cobertura<br \/>\n\u2022 Cintura el\u00e1stica c\u00f3moda<\/p>\n","protected":false},"excerpt":{"rendered":"<p>Estos pantalones cortos son una apuesta segura, ideales para todas las ocasiones. Y si las cosas no van como deseas, el estampado vibrante te dar\u00e1 el empuj\u00f3n de energ\u00eda que necesitas. \u2022 82% poli\u00e9ster, 18% elastano \u2022 Tela el\u00e1stica en 4 direcciones que se estira y se recupera en los hilos de la trama y [&#8230;]\n","protected":false},"featured_media":36353,"template":"","meta":[],"product_brand":[],"product_cat":[270],"product_tag":[],"class_list":{"0":"post-36342","1":"product","2":"type-product","3":"status-publish","4":"has-post-thumbnail","6":"product_cat-leggins","8":"first","9":"instock","10":"shipping-taxable","11":"purchasable","12":"product-type-variable","13":"has-default-attributes"},"_links":{"self":[{"href":"https:\/\/viktoria.es\/en\/wp-json\/wp\/v2\/product\/36342","targetHints":{"allow":["GET"]}}],"collection":[{"href":"https:\/\/viktoria.es\/en\/wp-json\/wp\/v2\/product"}],"about":[{"href":"https:\/\/viktoria.es\/en\/wp-json\/wp\/v2\/types\/product"}],"wp:featuredmedia":[{"embeddable":true,"href":"https:\/\/viktoria.es\/en\/wp-json\/wp\/v2\/media\/36353"}],"wp:attachment":[{"href":"https:\/\/viktoria.es\/en\/wp-json\/wp\/v2\/media?parent=36342"}],"wp:term":[{"taxonomy":"product_brand","embeddable":true,"href":"https:\/\/viktoria.es\/en\/wp-json\/wp\/v2\/product_brand?post=36342"},{"taxonomy":"product_cat","embeddable":true,"href":"https:\/\/viktoria.es\/en\/wp-json\/wp\/v2\/product_cat?post=36342"},{"taxonomy":"product_tag","embeddable":true,"href":"https:\/\/viktoria.es\/en\/wp-json\/wp\/v2\/product_tag?post=36342"}],"curies":[{"name":"wp","href":"https:\/\/api.w.org\/{rel}","templated":true}]}}